{"id":426,"date":"2025-10-23T02:41:16","date_gmt":"2025-10-23T02:41:16","guid":{"rendered":"https:\/\/newsocietyinstitute.ca\/pole-de-collaboration\/"},"modified":"2025-11-14T00:08:55","modified_gmt":"2025-11-14T00:08:55","slug":"pole-de-collaboration","status":"publish","type":"page","link":"https:\/\/newsocietyinstitute.ca\/fr\/pole-de-collaboration\/","title":{"rendered":"P\u00f4le de collaboration"},"content":{"rendered":"<p>En tant qu&rsquo;organisation \u00e0 but non lucratif de recherche, de d\u00e9veloppement social et de conception, nous r\u00e9ussissons \u00e0 \u00e9lever les voix marginalis\u00e9es, \u00e0 briser les structures d&rsquo;exclusion, \u00e0 travailler dans la solidarit\u00e9, \u00e0 cr\u00e9er des espaces s\u00fbrs, \u00e0 grandir, \u00e0 apprendre et \u00e0 d\u00e9sapprendre, et \u00e0 \u00e9tablir la confiance, ce qui nous permet de soutenir les personnes et les communaut\u00e9s syst\u00e9matiquement marginalis\u00e9es pour cr\u00e9er des syst\u00e8mes et des structures qui leur conviennent.<\/p>\n","protected":false},"excerpt":{"rendered":"<p>En tant qu&rsquo;organisation \u00e0 but non lucratif de recherche, de d\u00e9veloppement social et de conception, nous r\u00e9ussissons \u00e0 \u00e9lever les voix marginalis\u00e9es, \u00e0 briser les structures d&rsquo;exclusion, \u00e0 travailler dans la solidarit\u00e9, \u00e0 cr\u00e9er des espaces s\u00fbrs, \u00e0 grandir, \u00e0 apprendre et \u00e0 d\u00e9sapprendre, et \u00e0 \u00e9tablir la confiance, ce qui nous permet de soutenir [&hellip;]<\/p>\n","protected":false},"author":1,"featured_media":0,"parent":0,"menu_order":0,"comment_status":"closed","ping_status":"closed","template":"templates\/page-collaboration.php","meta":{"_acf_changed":false,"footnotes":""},"class_list":["post-426","page","type-page","status-publish","hentry"],"acf":[],"_links":{"self":[{"href":"https:\/\/newsocietyinstitute.ca\/fr\/wp-json\/wp\/v2\/pages\/426","targetHints":{"allow":["GET"]}}],"collection":[{"href":"https:\/\/newsocietyinstitute.ca\/fr\/wp-json\/wp\/v2\/pages"}],"about":[{"href":"https:\/\/newsocietyinstitute.ca\/fr\/wp-json\/wp\/v2\/types\/page"}],"author":[{"embeddable":true,"href":"https:\/\/newsocietyinstitute.ca\/fr\/wp-json\/wp\/v2\/users\/1"}],"replies":[{"embeddable":true,"href":"https:\/\/newsocietyinstitute.ca\/fr\/wp-json\/wp\/v2\/comments?post=426"}],"version-history":[{"count":1,"href":"https:\/\/newsocietyinstitute.ca\/fr\/wp-json\/wp\/v2\/pages\/426\/revisions"}],"predecessor-version":[{"id":1309,"href":"https:\/\/newsocietyinstitute.ca\/fr\/wp-json\/wp\/v2\/pages\/426\/revisions\/1309"}],"wp:attachment":[{"href":"https:\/\/newsocietyinstitute.ca\/fr\/wp-json\/wp\/v2\/media?parent=426"}],"curies":[{"name":"wp","href":"https:\/\/api.w.org\/{rel}","templated":true}]}}