{"id":428,"date":"2025-10-21T22:26:40","date_gmt":"2025-10-21T22:26:40","guid":{"rendered":"https:\/\/newsocietyinstitute.ca\/repenser-lacces\/"},"modified":"2025-11-14T00:09:02","modified_gmt":"2025-11-14T00:09:02","slug":"repenser-lacces","status":"publish","type":"page","link":"https:\/\/newsocietyinstitute.ca\/fr\/notre-travail\/repenser-lacces\/","title":{"rendered":"Refonte<br>Acc\u00e8s"},"content":{"rendered":"<p>Le New Society Institute travaille avec les personnes sourdes et handicap\u00e9es ainsi que leurs familles pour identifier les obstacles \u00e0 l&rsquo;accessibilit\u00e9. Gr\u00e2ce \u00e0 The Accessibility Exchange, nous mettons en relation diverses personnes handicap\u00e9es et sourdes avec les secteurs public, priv\u00e9 et civil pour co-concevoir une accessibilit\u00e9 compl\u00e8te dans la soci\u00e9t\u00e9.<\/p>\n","protected":false},"excerpt":{"rendered":"<p>Le New Society Institute travaille avec les personnes sourdes et handicap\u00e9es ainsi que leurs familles pour identifier les obstacles \u00e0 l&rsquo;accessibilit\u00e9. Gr\u00e2ce \u00e0 The Accessibility Exchange, nous mettons en relation diverses personnes handicap\u00e9es et sourdes avec les secteurs public, priv\u00e9 et civil pour co-concevoir une accessibilit\u00e9 compl\u00e8te dans la soci\u00e9t\u00e9.<\/p>\n","protected":false},"author":1,"featured_media":429,"parent":457,"menu_order":0,"comment_status":"closed","ping_status":"closed","template":"templates\/page-ourwork-child.php","meta":{"_acf_changed":false,"footnotes":""},"class_list":["post-428","page","type-page","status-publish","has-post-thumbnail","hentry"],"acf":[],"_links":{"self":[{"href":"https:\/\/newsocietyinstitute.ca\/fr\/wp-json\/wp\/v2\/pages\/428","targetHints":{"allow":["GET"]}}],"collection":[{"href":"https:\/\/newsocietyinstitute.ca\/fr\/wp-json\/wp\/v2\/pages"}],"about":[{"href":"https:\/\/newsocietyinstitute.ca\/fr\/wp-json\/wp\/v2\/types\/page"}],"author":[{"embeddable":true,"href":"https:\/\/newsocietyinstitute.ca\/fr\/wp-json\/wp\/v2\/users\/1"}],"replies":[{"embeddable":true,"href":"https:\/\/newsocietyinstitute.ca\/fr\/wp-json\/wp\/v2\/comments?post=428"}],"version-history":[{"count":2,"href":"https:\/\/newsocietyinstitute.ca\/fr\/wp-json\/wp\/v2\/pages\/428\/revisions"}],"predecessor-version":[{"id":1313,"href":"https:\/\/newsocietyinstitute.ca\/fr\/wp-json\/wp\/v2\/pages\/428\/revisions\/1313"}],"up":[{"embeddable":true,"href":"https:\/\/newsocietyinstitute.ca\/fr\/wp-json\/wp\/v2\/pages\/457"}],"wp:featuredmedia":[{"embeddable":true,"href":"https:\/\/newsocietyinstitute.ca\/fr\/wp-json\/wp\/v2\/media\/429"}],"wp:attachment":[{"href":"https:\/\/newsocietyinstitute.ca\/fr\/wp-json\/wp\/v2\/media?parent=428"}],"curies":[{"name":"wp","href":"https:\/\/api.w.org\/{rel}","templated":true}]}}