{"id":454,"date":"2025-10-14T21:28:47","date_gmt":"2025-10-14T21:28:47","guid":{"rendered":"https:\/\/newsocietyinstitute.ca\/quoi-de-neuf\/"},"modified":"2025-11-14T00:09:06","modified_gmt":"2025-11-14T00:09:06","slug":"quoi-de-neuf","status":"publish","type":"page","link":"https:\/\/newsocietyinstitute.ca\/fr\/quoi-de-neuf\/","title":{"rendered":"Quoi de neuf"},"content":{"rendered":"<p>Dans cette section, vous trouverez les derni\u00e8res actualit\u00e9s concernant nos projets, nos \u00e9v\u00e9nements communautaires et autres informations pertinentes.<\/p>\n","protected":false},"excerpt":{"rendered":"<p>Dans cette section, vous trouverez les derni\u00e8res actualit\u00e9s concernant nos projets, nos \u00e9v\u00e9nements communautaires et autres informations pertinentes.<\/p>\n","protected":false},"author":1,"featured_media":0,"parent":0,"menu_order":0,"comment_status":"closed","ping_status":"closed","template":"templates\/page-news.php","meta":{"_acf_changed":false,"footnotes":""},"class_list":["post-454","page","type-page","status-publish","hentry"],"acf":[],"_links":{"self":[{"href":"https:\/\/newsocietyinstitute.ca\/fr\/wp-json\/wp\/v2\/pages\/454","targetHints":{"allow":["GET"]}}],"collection":[{"href":"https:\/\/newsocietyinstitute.ca\/fr\/wp-json\/wp\/v2\/pages"}],"about":[{"href":"https:\/\/newsocietyinstitute.ca\/fr\/wp-json\/wp\/v2\/types\/page"}],"author":[{"embeddable":true,"href":"https:\/\/newsocietyinstitute.ca\/fr\/wp-json\/wp\/v2\/users\/1"}],"replies":[{"embeddable":true,"href":"https:\/\/newsocietyinstitute.ca\/fr\/wp-json\/wp\/v2\/comments?post=454"}],"version-history":[{"count":1,"href":"https:\/\/newsocietyinstitute.ca\/fr\/wp-json\/wp\/v2\/pages\/454\/revisions"}],"predecessor-version":[{"id":1311,"href":"https:\/\/newsocietyinstitute.ca\/fr\/wp-json\/wp\/v2\/pages\/454\/revisions\/1311"}],"wp:attachment":[{"href":"https:\/\/newsocietyinstitute.ca\/fr\/wp-json\/wp\/v2\/media?parent=454"}],"curies":[{"name":"wp","href":"https:\/\/api.w.org\/{rel}","templated":true}]}}