{"id":458,"date":"2025-10-21T22:25:54","date_gmt":"2025-10-21T22:25:54","guid":{"rendered":"https:\/\/newsocietyinstitute.ca\/notre-travail\/rassembler-les-communautes\/"},"modified":"2025-11-14T00:09:04","modified_gmt":"2025-11-14T00:09:04","slug":"rassembler-les-communautes","status":"publish","type":"page","link":"https:\/\/newsocietyinstitute.ca\/fr\/notre-travail\/rassembler-les-communautes\/","title":{"rendered":"Convocation<br>Communaut\u00e9s"},"content":{"rendered":"<p>L&rsquo;Institut de la Nouvelle Soci\u00e9t\u00e9 met en relation les membres des communaut\u00e9s locales et les organisations de base pour cr\u00e9er une solidarit\u00e9 entre les personnes syst\u00e9matiquement marginalis\u00e9es qui \u00e9laborent des solutions aux probl\u00e8mes ayant le plus d&rsquo;impact sur leur vie. Depuis 2012, nous avons mis en place des R\u00e9seaux de Solidarit\u00e9 pour la S\u00e9curit\u00e9 et l&rsquo;Inclusion Locale (RSSIL) qui rassemblent des femmes et des personnes de genre divers qui sont autochtones, noires, racialis\u00e9es, r\u00e9fugi\u00e9es, trans et\/ou vivant avec un handicap, en particulier des handicaps intellectuels et de sant\u00e9 mentale.<\/p>\n","protected":false},"excerpt":{"rendered":"<p>L&rsquo;Institut de la Nouvelle Soci\u00e9t\u00e9 met en relation les membres des communaut\u00e9s locales et les organisations de base pour cr\u00e9er une solidarit\u00e9 entre les personnes syst\u00e9matiquement marginalis\u00e9es qui \u00e9laborent des solutions aux probl\u00e8mes ayant le plus d&rsquo;impact sur leur vie. Depuis 2012, nous avons mis en place des R\u00e9seaux de Solidarit\u00e9 pour la S\u00e9curit\u00e9 et [&hellip;]<\/p>\n","protected":false},"author":1,"featured_media":459,"parent":457,"menu_order":0,"comment_status":"closed","ping_status":"closed","template":"templates\/page-ourwork-child.php","meta":{"_acf_changed":false,"footnotes":""},"class_list":["post-458","page","type-page","status-publish","has-post-thumbnail","hentry"],"acf":[],"_links":{"self":[{"href":"https:\/\/newsocietyinstitute.ca\/fr\/wp-json\/wp\/v2\/pages\/458","targetHints":{"allow":["GET"]}}],"collection":[{"href":"https:\/\/newsocietyinstitute.ca\/fr\/wp-json\/wp\/v2\/pages"}],"about":[{"href":"https:\/\/newsocietyinstitute.ca\/fr\/wp-json\/wp\/v2\/types\/page"}],"author":[{"embeddable":true,"href":"https:\/\/newsocietyinstitute.ca\/fr\/wp-json\/wp\/v2\/users\/1"}],"replies":[{"embeddable":true,"href":"https:\/\/newsocietyinstitute.ca\/fr\/wp-json\/wp\/v2\/comments?post=458"}],"version-history":[{"count":1,"href":"https:\/\/newsocietyinstitute.ca\/fr\/wp-json\/wp\/v2\/pages\/458\/revisions"}],"predecessor-version":[{"id":1312,"href":"https:\/\/newsocietyinstitute.ca\/fr\/wp-json\/wp\/v2\/pages\/458\/revisions\/1312"}],"up":[{"embeddable":true,"href":"https:\/\/newsocietyinstitute.ca\/fr\/wp-json\/wp\/v2\/pages\/457"}],"wp:featuredmedia":[{"embeddable":true,"href":"https:\/\/newsocietyinstitute.ca\/fr\/wp-json\/wp\/v2\/media\/459"}],"wp:attachment":[{"href":"https:\/\/newsocietyinstitute.ca\/fr\/wp-json\/wp\/v2\/media?parent=458"}],"curies":[{"name":"wp","href":"https:\/\/api.w.org\/{rel}","templated":true}]}}